{"id":216,"date":"2019-11-28T10:58:01","date_gmt":"2019-11-28T16:58:01","guid":{"rendered":"https:\/\/educacionparacompartir.org\/nzl\/?page_id=216"},"modified":"2019-12-09T19:16:06","modified_gmt":"2019-12-10T01:16:06","slug":"sumate-al-cambio","status":"publish","type":"page","link":"https:\/\/educacionparacompartir.org\/nzl\/es\/sumate-al-cambio\/","title":{"rendered":"S\u00famate al Cambio"},"content":{"rendered":"<p>[vc_row full_width=&#8221;stretch_row_content_no_spaces&#8221; el_class=&#8221;sumatesec1&#8243;][vc_column][vc_column_text]<\/p>\n<h2>Donantes individuales<\/h2>\n<p>[\/vc_column_text][\/vc_column][\/vc_row][vc_row el_class=&#8221;sumatesec2&#8243;][vc_column][vc_column_text]Para lograr nuestra misi\u00f3n, contamos con una red de agentes de cambio comprometidos con la formaci\u00f3n de mejores ciudadanos. Gracias a sus donativos, nuestra operaci\u00f3n beneficia a ni\u00f1as, ni\u00f1os y j\u00f3venes con una educaci\u00f3n integral.<\/p>\n<p><strong>\u00a1\u00danete a nuestra red con una aportaci\u00f3n mensual y ent\u00e9rate de todas las estrategias que se hacen realidad con tu apoyo!<\/strong>[\/vc_column_text][\/vc_column][\/vc_row][vc_row full_width=&#8221;stretch_row_content_no_spaces&#8221; content_placement=&#8221;middle&#8221; css=&#8221;.vc_custom_1575243879305{padding-top: 60px !important;}&#8221; el_class=&#8221;sumatesec3&#8243;][vc_column css_animation=&#8221;fadeInLeft&#8221; width=&#8221;1\/2&#8243; css=&#8221;.vc_custom_1574818307689{padding-top: 0px !important;}&#8221; el_class=&#8221;col-53&#8243;][vc_single_image image=&#8221;434&#8243; img_size=&#8221;full&#8221; alignment=&#8221;center&#8221; css=&#8221;.vc_custom_1575243634769{margin-bottom: 0px !important;}&#8221; el_class=&#8221;no-margin-img&#8221;][\/vc_column][vc_column css_animation=&#8221;fadeInRight&#8221; width=&#8221;1\/2&#8243; el_class=&#8221;light-text text-center col-47&#8243; css=&#8221;.vc_custom_1575336380254{padding-top: 0px !important;padding-bottom: 0px !important;background-color: #006db6 !important;}&#8221;][vc_custom_heading text=&#8221;Responsabilidad social corporativa&#8221; font_container=&#8221;tag:h2|text_align:center|color:%23ffffff&#8221; use_theme_fonts=&#8221;yes&#8221; css=&#8221;.vc_custom_1574962883955{margin-bottom: 40px !important;}&#8221;][vc_column_text]Educaci\u00f3n para Compartir contribuye a la Responsabilidad Social Empresarial de sus aliados, a trav\u00e9s de la creaci\u00f3n de una comunidad de colaboradores conscientes de su impacto en la sociedad y con un enfoque de acci\u00f3n que utiliza el poder del juego.<\/p>\n<p>Algunas de las estrategias en las que colaboramos son:<\/p>\n<ul>\n<li>D\u00edas de responsabilidad social<\/li>\n<li>Voluntariados corporativos<\/li>\n<li>Talleres de team-building<\/li>\n<li>Alianza para proyectos educativos<\/li>\n<li>Vinculaci\u00f3n comunitaria para la obtenci\u00f3n del Distintivo de Empresas Socialmente Responsable<\/li>\n<\/ul>\n<p>[\/vc_column_text][\/vc_column][\/vc_row][vc_row full_width=&#8221;stretch_row_content_no_spaces&#8221; content_placement=&#8221;middle&#8221; css=&#8221;.vc_custom_1575247503345{border-bottom-width: 2px !important;padding-top: 100px !important;padding-bottom: 80px !important;}&#8221; el_class=&#8221;sumatesec4&#8243;][vc_column css_animation=&#8221;fadeInLeft&#8221; width=&#8221;1\/2&#8243; el_class=&#8221;light-text text-center col-47 sumatesec4-1&#8243; css=&#8221;.vc_custom_1575940502880{padding-top: 0px !important;padding-bottom: 0px !important;background-color: #65b32e !important;}&#8221;][vc_custom_heading text=&#8221;Voluntariado&#8221; font_container=&#8221;tag:h2|text_align:center|color:%23ffffff&#8221; use_theme_fonts=&#8221;yes&#8221; css=&#8221;.vc_custom_1574963531025{margin-bottom: 40px !important;}&#8221;][vc_column_text]El voluntariado es un factor muy importante para el desarrollo personal y el desarrollo social. Si est\u00e1s interesada o interesado en formar parte de nuestro equipo de voluntarios, te invitamos a escribirnos a:<\/p>\n<p style=\"text-align: right;\"><a href=\"mailto:talento.epc@educacionparacompartir.org\">talento.epc@educacionparacompartir.org<\/a><\/p>\n<p>[\/vc_column_text][\/vc_column][vc_column css_animation=&#8221;fadeInRight&#8221; width=&#8221;1\/2&#8243; css=&#8221;.vc_custom_1575348557805{padding-top: 0px !important;}&#8221; el_class=&#8221;col-53 sumatesec4-2&#8243;][vc_single_image image=&#8221;436&#8243; img_size=&#8221;full&#8221; alignment=&#8221;center&#8221; css=&#8221;.vc_custom_1575243645534{margin-bottom: 0px !important;}&#8221; el_class=&#8221;no-margin-img&#8221;][\/vc_column][\/vc_row][vc_row el_class=&#8221;sumatesec5&#8243; css=&#8221;.vc_custom_1575337309807{background-color: #EE7203 !important;}&#8221;][vc_column width=&#8221;1\/2&#8243; el_class=&#8221;sumatesec5-1&#8243;][vc_column_text]<\/p>\n<h2>\u00danete a nuestro equipo<\/h2>\n<p>Educaci\u00f3n para Compartir se encuentra en constante crecimiento. <strong>Queremos que seas parte de nuestro equipo<\/strong> y te desarrolles en una organizaci\u00f3n que vive los valores que promueve y que entiende la necesidad de darle un sentido a todo lo que hacemos. Te invitamos a estar atento(a) a nuestras redes sociales donde encontrar\u00e1s distintas oportunidades para colaborar con nosotros. <a href=\"mailto:talentoepc@educacionparacompartir.org\"><strong>talentoepc@educacionparacompartir.org<\/strong><\/a>[\/vc_column_text][\/vc_column][vc_column width=&#8221;1\/2&#8243; el_class=&#8221;sumatesec5-2&#8243;][vc_single_image image=&#8221;440&#8243; img_size=&#8221;full&#8221; alignment=&#8221;right&#8221;][\/vc_column][\/vc_row][vc_row el_class=&#8221;sumatesec6&#8243;][vc_column][vc_column_text]<\/p>\n<h2><strong>\u00bfQuieres hacer equipo con nosotros?<\/strong><\/h2>\n<p>Si est\u00e1s interesado en que Educaci\u00f3n para Compartir llegue a tu escuela, empresa, estado o pa\u00eds, escr\u00edbenos a <span style=\"color: #ee7203;\"><a style=\"color: #ee7203;\" href=\"mailto:comunicacion@educacionparacompartir.org\">comunicacion@educacionparacompartir.org<\/a> <\/span>y pronto nos pondremos en contacto contigo.[\/vc_column_text][\/vc_column][\/vc_row][vc_row el_class=&#8221;sumatesec7&#8243;][vc_column][vc_column_text]<\/p>\n<h2>\u00danete a nuestro equipo como:<\/h2>\n<p>[\/vc_column_text][vc_images_carousel images=&#8221;453&#8243; img_size=&#8221;large&#8221; autoplay=&#8221;yes&#8221; hide_prev_next_buttons=&#8221;yes&#8221; wrap=&#8221;yes&#8221;][\/vc_column][\/vc_row][vc_row full_width=&#8221;stretch_row_content_no_spaces&#8221; el_class=&#8221;sumatesec8&#8243; css=&#8221;.vc_custom_1575248762376{border-bottom-width: 2px !important;border-bottom-color: #4289c6 !important;border-bottom-style: dashed !important;}&#8221;][vc_column][\/vc_column][\/vc_row]<\/p>\n","protected":false},"excerpt":{"rendered":"<p>[vc_row full_width=&#8221;stretch_row_content_no_spaces&#8221; el_class=&#8221;sumatesec1&#8243;][vc_column][vc_column_text] Donantes individuales [\/vc_column_text][\/vc_column][\/vc_row][vc_row el_class=&#8221;sumatesec2&#8243;][vc_column][vc_column_text]Para lograr nuestra misi\u00f3n, contamos con una red de agentes de cambio comprometidos con la formaci\u00f3n de mejores ciudadanos. Gracias<span class=\"excerpt-hellip\"> [\u2026]<\/span><\/p>\n","protected":false},"author":2,"featured_media":0,"parent":0,"menu_order":0,"comment_status":"closed","ping_status":"closed","template":"","meta":{"inline_featured_image":false},"aioseo_notices":[],"_links":{"self":[{"href":"https:\/\/educacionparacompartir.org\/nzl\/es\/wp-json\/wp\/v2\/pages\/216"}],"collection":[{"href":"https:\/\/educacionparacompartir.org\/nzl\/es\/wp-json\/wp\/v2\/pages"}],"about":[{"href":"https:\/\/educacionparacompartir.org\/nzl\/es\/wp-json\/wp\/v2\/types\/page"}],"author":[{"embeddable":true,"href":"https:\/\/educacionparacompartir.org\/nzl\/es\/wp-json\/wp\/v2\/users\/2"}],"replies":[{"embeddable":true,"href":"https:\/\/educacionparacompartir.org\/nzl\/es\/wp-json\/wp\/v2\/comments?post=216"}],"version-history":[{"count":32,"href":"https:\/\/educacionparacompartir.org\/nzl\/es\/wp-json\/wp\/v2\/pages\/216\/revisions"}],"predecessor-version":[{"id":652,"href":"https:\/\/educacionparacompartir.org\/nzl\/es\/wp-json\/wp\/v2\/pages\/216\/revisions\/652"}],"wp:attachment":[{"href":"https:\/\/educacionparacompartir.org\/nzl\/es\/wp-json\/wp\/v2\/media?parent=216"}],"curies":[{"name":"wp","href":"https:\/\/api.w.org\/{rel}","templated":true}]}}