{"id":1490,"date":"2020-04-07T21:46:36","date_gmt":"2020-04-08T02:46:36","guid":{"rendered":"https:\/\/educacionparacompartir.org\/?page_id=1490"},"modified":"2020-04-07T21:56:04","modified_gmt":"2020-04-08T02:56:04","slug":"donate-to-educate-2","status":"publish","type":"page","link":"https:\/\/educacionparacompartir.org\/en\/donate-to-educate-2\/","title":{"rendered":"donate to educate"},"content":{"rendered":"<p>[vc_row full_width=&#8221;stretch_row&#8221; el_class=&#8221;light-text text-center iniciosec1&#8243; css=&#8221;.vc_custom_1586286818897{padding-top: 40px !important;padding-bottom: 45px !important;background-color: #ee7203 !important;}&#8221;][vc_column css_animation=&#8221;fadeInDown&#8221;][vc_custom_heading text=&#8221;Desde $10 MXN diarios puedes ayudar a cambiar el mundo&#8221; font_container=&#8221;tag:h3|text_align:center|color:%23ffffff&#8221; use_theme_fonts=&#8221;yes&#8221; css=&#8221;.vc_custom_1586287249753{margin-bottom: 40px !important;}&#8221;][vc_btn title=&#8221;Donar&#8221; style=&#8221;custom&#8221; custom_background=&#8221;#3d82c0&#8243; custom_text=&#8221;#ffffff&#8221; size=&#8221;lg&#8221; align=&#8221;center&#8221; link=&#8221;url:%23wow-modal-id-1|title:Donar|&#8221;][\/vc_column][\/vc_row][vc_row full_width=&#8221;stretch_row_content_no_spaces&#8221; content_placement=&#8221;middle&#8221; css=&#8221;.vc_custom_1575341050636{padding-top: 60px !important;}&#8221; el_class=&#8221;iniciosec2&#8243;][vc_column css_animation=&#8221;fadeInLeft&#8221; width=&#8221;1\/2&#8243; css=&#8221;.vc_custom_1574818307689{padding-top: 0px !important;}&#8221; el_class=&#8221;col-53&#8243;][vc_single_image image=&#8221;1423&#8243; img_size=&#8221;full&#8221; alignment=&#8221;center&#8221; css=&#8221;.vc_custom_1586298471180{margin-bottom: 0px !important;}&#8221; el_class=&#8221;no-margin-img&#8221;][\/vc_column][vc_column css_animation=&#8221;fadeInRight&#8221; width=&#8221;1\/2&#8243; el_class=&#8221;light-text text-center col-47&#8243; css=&#8221;.vc_custom_1586307184344{padding-top: 0px !important;padding-bottom: 0px !important;background-color: #fbba00 !important;}&#8221;][vc_single_image image=&#8221;1432&#8243; img_size=&#8221;full&#8221; alignment=&#8221;center&#8221; css=&#8221;.vc_custom_1586299615645{margin-bottom: -10px !important;padding-top: 20px !important;}&#8221;][\/vc_column][\/vc_row][vc_row full_width=&#8221;stretch_row_content_no_spaces&#8221; content_placement=&#8221;middle&#8221; css=&#8221;.vc_custom_1575341069078{border-bottom-width: 2px !important;padding-top: 100px !important;padding-bottom: 80px !important;border-bottom-color: #3d82c0 !important;border-bottom-style: dashed !important;}&#8221; el_class=&#8221;iniciosec3&#8243;][vc_column css_animation=&#8221;fadeInLeft&#8221; width=&#8221;1\/2&#8243; el_class=&#8221;light-text text-center col-47&#8243; css=&#8221;.vc_custom_1574821275688{padding-top: 0px !important;padding-bottom: 0px !important;background-color: #3d82c0 !important;}&#8221;][vc_custom_heading text=&#8221;\u00bfPor qu\u00e9 tu donaci\u00f3n ayuda a transformar nuestro planeta?&#8221; font_container=&#8221;tag:h3|text_align:center|color:%23ffffff&#8221; use_theme_fonts=&#8221;yes&#8221; css=&#8221;.vc_custom_1586299426962{margin-bottom: 40px !important;}&#8221;][vc_column_text css=&#8221;.vc_custom_1586299571073{padding-right: 30px !important;padding-left: 30px !important;}&#8221;]Con cada aportaci\u00f3n est\u00e1s ayudando que cada vez m\u00e1s ni\u00f1as y ni\u00f1os de poblaciones rurales hasta de grandes ciudades reciban dentro de sus escuelas, un programa de aprendizaje basado en el juego.[\/vc_column_text][\/vc_column][vc_column css_animation=&#8221;fadeInRight&#8221; width=&#8221;1\/2&#8243; css=&#8221;.vc_custom_1574818706715{padding-top: 0px !important;}&#8221; el_class=&#8221;col-53&#8243;][vc_single_image image=&#8221;1436&#8243; img_size=&#8221;full&#8221; alignment=&#8221;center&#8221; css=&#8221;.vc_custom_1586299167418{margin-bottom: 0px !important;}&#8221; el_class=&#8221;no-margin-img&#8221;][\/vc_column][\/vc_row][vc_row full_width=&#8221;stretch_row_content&#8221; css=&#8221;.vc_custom_1586300106167{margin-top: 80px !important;padding-top: 45px !important;background-color: #ee7203 !important;}&#8221; el_class=&#8221;text-center skewed-row iniciosec5&#8243;][vc_column el_class=&#8221;skewed-col&#8221; offset=&#8221;vc_col-xs-11&#8243;][vc_custom_heading text=&#8221;\u00bfQui\u00e9n es beneficiario de EpC?&#8221; font_container=&#8221;tag:h2|text_align:center|color:%23ffffff&#8221; use_theme_fonts=&#8221;yes&#8221; css=&#8221;.vc_custom_1586290637671{margin-bottom: 40px !important;}&#8221;][vc_row_inner][vc_column_inner width=&#8221;1\/6&#8243;][\/vc_column_inner][vc_column_inner width=&#8221;1\/3&#8243;][vc_single_image image=&#8221;1313&#8243; img_size=&#8221;full&#8221; alignment=&#8221;center&#8221;][vc_column_text css=&#8221;.vc_custom_1586300295125{margin-top: -45px !important;border-top-width: -45px !important;padding-top: -45px !important;}&#8221;]<\/p>\n<p style=\"text-align: center;\"><span style=\"color: #ffffff;\">Los programas de EpC est\u00e1n<\/span><br \/>\n<span style=\"color: #ffffff;\">dirigidos a <strong>ni\u00f1as y ni\u00f1os entre 6 y 12<\/strong><\/span><br \/>\n<strong><span style=\"color: #ffffff;\">a\u00f1os, y adolescentes entre 13 y 15<\/span><\/strong><br \/>\n<span style=\"color: #ffffff;\"><strong>a\u00f1os<\/strong> de diferentes contextos que<\/span><br \/>\n<span style=\"color: #ffffff;\">van desde <strong>poblaciones rurales a<\/strong><\/span><br \/>\n<strong><span style=\"color: #ffffff;\">grandes ciudades.<\/span><\/strong><\/p>\n<p>[\/vc_column_text][\/vc_column_inner][vc_column_inner width=&#8221;1\/3&#8243;][vc_single_image image=&#8221;1315&#8243; img_size=&#8221;full&#8221; alignment=&#8221;center&#8221;][vc_column_text css=&#8221;.vc_custom_1586300310829{margin-top: -45px !important;border-top-width: -45px !important;padding-top: -45px !important;}&#8221;]<\/p>\n<p style=\"text-align: center;\"><span style=\"color: #ffffff;\"><strong>Docentes y l\u00edderes educativos<\/strong> son<\/span><br \/>\n<span style=\"color: #ffffff;\">beneficiarios al recibir una\u00a0<\/span><br \/>\n<span style=\"color: #ffffff;\">capacitaci\u00f3n en la metodolog\u00eda<\/span><br \/>\n<span style=\"color: #ffffff;\">l\u00fadica, <strong>se les dota de herramientas<\/strong><\/span><br \/>\n<span style=\"color: #ffffff;\"><strong>pedag\u00f3gicas<\/strong> que fortalecen su labor<\/span><br \/>\n<span style=\"color: #ffffff;\">educativa dentro y fuera del aula.<\/span><\/p>\n<p>[\/vc_column_text][\/vc_column_inner][vc_column_inner width=&#8221;1\/6&#8243;][\/vc_column_inner][\/vc_row_inner][vc_row_inner][vc_column_inner width=&#8221;1\/6&#8243;][\/vc_column_inner][vc_column_inner width=&#8221;1\/3&#8243;][vc_single_image image=&#8221;1319&#8243; img_size=&#8221;full&#8221; alignment=&#8221;center&#8221;][vc_column_text css=&#8221;.vc_custom_1586300333183{margin-top: -45px !important;border-top-width: -45px !important;padding-top: -45px !important;}&#8221;]<\/p>\n<p style=\"text-align: center;\"><span style=\"color: #ffffff;\">La sociedad global. <strong>Todos nos<\/strong><\/span><br \/>\n<span style=\"color: #ffffff;\"><strong>convertimos<\/strong> en beneficiarios al\u00a0<\/span><br \/>\n<span style=\"color: #ffffff;\">ayudar a formar mejores<\/span><br \/>\n<span style=\"color: #ffffff;\">ciudadanos que lleven a cabo la<\/span><br \/>\n<strong><span style=\"color: #ffffff;\">pr\u00e1ctica de los valores que el<\/span><\/strong><br \/>\n<span style=\"color: #ffffff;\"><strong>mundo necesita<\/strong> para construir<\/span><br \/>\n<span style=\"color: #ffffff;\">un mejor futuro.<\/span><\/p>\n<p>[\/vc_column_text][\/vc_column_inner][vc_column_inner width=&#8221;1\/3&#8243;][vc_single_image image=&#8221;1321&#8243; img_size=&#8221;full&#8221; alignment=&#8221;center&#8221;][vc_column_text css=&#8221;.vc_custom_1586300357162{margin-top: -45px !important;border-top-width: -45px !important;padding-top: -45px !important;}&#8221;]<\/p>\n<p style=\"text-align: center;\"><span style=\"color: #ffffff;\"><strong>Madres y padres de familia<\/strong> y tutores se<\/span><br \/>\n<span style=\"color: #ffffff;\">convierten en beneficiarios al<\/span><br \/>\n<span style=\"color: #ffffff;\">involucrarse en el proceso de<\/span><br \/>\n<span style=\"color: #ffffff;\">transformaci\u00f3n de ni\u00f1as, ni\u00f1os y<\/span><br \/>\n<span style=\"color: #ffffff;\">adolescentes, fomentando que los<\/span><br \/>\n<strong><span style=\"color: #ffffff;\">aprendizajes sean practicados en casa<\/span><\/strong><br \/>\n<span style=\"color: #ffffff;\">a trav\u00e9s de su participaci\u00f3n en una<\/span><br \/>\n<span style=\"color: #ffffff;\">sesi\u00f3n especial desarrollada para ellos.<\/span><\/p>\n<p>[\/vc_column_text][\/vc_column_inner][vc_column_inner width=&#8221;1\/6&#8243;][\/vc_column_inner][\/vc_row_inner][\/vc_column][\/vc_row][vc_row full_width=&#8221;stretch_row_content&#8221; css=&#8221;.vc_custom_1586300260085{margin-top: 40px !important;padding-top: 25px !important;background-color: #99bb43 !important;}&#8221; el_class=&#8221;text-center skewed-row iniciosec5&#8243;][vc_column el_class=&#8221;skewed-col&#8221; offset=&#8221;vc_col-xs-11&#8243;][vc_custom_heading text=&#8221;\u00bfQu\u00e9 pasa cuando me convierto en donante?&#8221; font_container=&#8221;tag:h2|text_align:center|color:%23ffffff&#8221; use_theme_fonts=&#8221;yes&#8221; css=&#8221;.vc_custom_1586291388702{margin-bottom: 40px !important;}&#8221;][vc_row_inner][vc_column_inner width=&#8221;1\/6&#8243;][\/vc_column_inner][vc_column_inner width=&#8221;1\/3&#8243;][vc_single_image image=&#8221;1327&#8243; img_size=&#8221;full&#8221; alignment=&#8221;center&#8221;][vc_column_text css=&#8221;.vc_custom_1586301030769{margin-top: -45px !important;border-top-width: -45px !important;padding-top: -45px !important;}&#8221;]<\/p>\n<p style=\"text-align: center;\"><span style=\"color: #ffffff;\">Obtienes un<strong> recibo que ampara<\/strong><\/span><br \/>\n<span style=\"color: #ffffff;\">tu donativo y que es <strong>deducible<\/strong><\/span><br \/>\n<strong><span style=\"color: #ffffff;\">de impuestos.<\/span><\/strong><\/p>\n<p>[\/vc_column_text][\/vc_column_inner][vc_column_inner width=&#8221;1\/3&#8243;][vc_single_image image=&#8221;1329&#8243; img_size=&#8221;full&#8221; alignment=&#8221;center&#8221;][vc_column_text css=&#8221;.vc_custom_1586301036405{margin-top: -45px !important;border-top-width: -45px !important;padding-top: -45px !important;}&#8221;]<\/p>\n<p style=\"text-align: center;\"><span style=\"color: #ffffff;\">Te unes a nuestra red global de<\/span><br \/>\n<span style=\"color: #ffffff;\"><strong>#AgentesEpC<\/strong> y bimestralmente<\/span><br \/>\n<span style=\"color: #ffffff;\">recibes un newsletter donde<\/span><br \/>\n<span style=\"color: #ffffff;\">descubres como<strong> tu aportaci\u00f3n<\/strong><\/span><br \/>\n<strong><span style=\"color: #ffffff;\">ayuda a cumplir nuestra misi\u00f3n.<\/span><\/strong><\/p>\n<p>[\/vc_column_text][\/vc_column_inner][vc_column_inner width=&#8221;1\/6&#8243;][\/vc_column_inner][\/vc_row_inner][\/vc_column][\/vc_row][vc_row][vc_column][vc_column_text css_animation=&#8221;fadeInLeft&#8221; el_class=&#8221;text-center&#8221;]<\/p>\n<h2><b>How do we play?<\/b><\/h2>\n<p>[\/vc_column_text][vc_row_inner content_placement=&#8221;top&#8221;][vc_column_inner el_class=&#8221;no-margin-img&#8221; width=&#8221;1\/3&#8243;][vc_video link=&#8221;https:\/\/youtu.be\/LnZBW4D_6HU&#8221; align=&#8221;center&#8221;][\/vc_column_inner][vc_column_inner el_class=&#8221;no-margin-img&#8221; width=&#8221;1\/3&#8243;][vc_video link=&#8221;https:\/\/youtu.be\/1MCzi62KfPE&#8221; align=&#8221;center&#8221;][\/vc_column_inner][vc_column_inner el_class=&#8221;no-margin-img&#8221; width=&#8221;1\/3&#8243;][vc_video link=&#8221;https:\/\/youtu.be\/2x6zsV_SE7U&#8221; align=&#8221;center&#8221;][\/vc_column_inner][\/vc_row_inner][vc_btn title=&#8221;Ver m\u00e1s videos&#8221; style=&#8221;custom&#8221; custom_background=&#8221;#3d82c0&#8243; custom_text=&#8221;#ffffff&#8221; size=&#8221;lg&#8221; align=&#8221;center&#8221; link=&#8221;url:https%3A%2F%2Fwww.youtube.com%2Fuser%2Fdparacompartir|title:Ver%20m%C3%A1s%20videos|&#8221; el_class=&#8221;no-margin-img my-0 py-0&#8243;][\/vc_column][\/vc_row][vc_row full_width=&#8221;stretch_row&#8221; el_class=&#8221;light-text text-center iniciosec1&#8243; css=&#8221;.vc_custom_1586286818897{padding-top: 40px !important;padding-bottom: 45px !important;background-color: #ee7203 !important;}&#8221;][vc_column css_animation=&#8221;fadeInDown&#8221;][vc_custom_heading text=&#8221;Desde $10 MXN diarios puedes ayudar a cambiar el mundo&#8221; font_container=&#8221;tag:h3|text_align:center|color:%23ffffff&#8221; use_theme_fonts=&#8221;yes&#8221; css=&#8221;.vc_custom_1586287249753{margin-bottom: 40px !important;}&#8221;][vc_btn title=&#8221;Donar&#8221; style=&#8221;custom&#8221; custom_background=&#8221;#3d82c0&#8243; custom_text=&#8221;#ffffff&#8221; size=&#8221;lg&#8221; align=&#8221;center&#8221; link=&#8221;url:%23wow-modal-id-1|title:Donar|&#8221;][\/vc_column][\/vc_row]<\/p>\n","protected":false},"excerpt":{"rendered":"<p>[vc_row full_width=&#8221;stretch_row&#8221; el_class=&#8221;light-text text-center iniciosec1&#8243; css=&#8221;.vc_custom_1586286818897{padding-top: 40px !important;padding-bottom: 45px !important;background-color: #ee7203 !important;}&#8221;][vc_column css_animation=&#8221;fadeInDown&#8221;][vc_custom_heading text=&#8221;Desde $10 MXN diarios puedes ayudar a cambiar el mundo&#8221; font_container=&#8221;tag:h3|text_align:center|color:%23ffffff&#8221; use_theme_fonts=&#8221;yes&#8221; css=&#8221;.vc_custom_1586287249753{margin-bottom:<span class=\"excerpt-hellip\"> [\u2026]<\/span><\/p>\n","protected":false},"author":1,"featured_media":0,"parent":0,"menu_order":0,"comment_status":"closed","ping_status":"closed","template":"","meta":{"inline_featured_image":false},"aioseo_notices":[],"_links":{"self":[{"href":"https:\/\/educacionparacompartir.org\/en\/wp-json\/wp\/v2\/pages\/1490"}],"collection":[{"href":"https:\/\/educacionparacompartir.org\/en\/wp-json\/wp\/v2\/pages"}],"about":[{"href":"https:\/\/educacionparacompartir.org\/en\/wp-json\/wp\/v2\/types\/page"}],"author":[{"embeddable":true,"href":"https:\/\/educacionparacompartir.org\/en\/wp-json\/wp\/v2\/users\/1"}],"replies":[{"embeddable":true,"href":"https:\/\/educacionparacompartir.org\/en\/wp-json\/wp\/v2\/comments?post=1490"}],"version-history":[{"count":6,"href":"https:\/\/educacionparacompartir.org\/en\/wp-json\/wp\/v2\/pages\/1490\/revisions"}],"predecessor-version":[{"id":1498,"href":"https:\/\/educacionparacompartir.org\/en\/wp-json\/wp\/v2\/pages\/1490\/revisions\/1498"}],"wp:attachment":[{"href":"https:\/\/educacionparacompartir.org\/en\/wp-json\/wp\/v2\/media?parent=1490"}],"curies":[{"name":"wp","href":"https:\/\/api.w.org\/{rel}","templated":true}]}}